{"id":9817,"date":"2019-03-05T19:26:04","date_gmt":"2019-03-05T19:26:04","guid":{"rendered":"https:\/\/www.le16.nl\/zeiltocht-aanvragen\/"},"modified":"2020-01-11T14:54:57","modified_gmt":"2020-01-11T14:54:57","slug":"segeltrip-anfragen-segeltorn","status":"publish","type":"page","link":"https:\/\/www.le16.nl\/de\/segeltrip-anfragen-segeltorn\/","title":{"rendered":"Segeltrip Anfragen"},"content":{"rendered":"","protected":false},"excerpt":{"rendered":"","protected":false},"author":1,"featured_media":8960,"parent":0,"menu_order":0,"comment_status":"closed","ping_status":"closed","template":"","meta":{"_joinchat":[],"footnotes":""},"class_list":["post-9817","page","type-page","status-publish","has-post-thumbnail","hentry"],"yoast_head":"<!-- This site is optimized with the Yoast SEO plugin v27.4 - https:\/\/yoast.com\/product\/yoast-seo-wordpress\/ -->\n<title>Segeltrip Anfragen - Lemsteraak LE16 met de lemsteraak LE16<\/title>\n<meta name=\"description\" content=\"Hier k\u00f6nnen Sie Ihren Segelt\u00f6rn anfragen. Segeln ohne Sorgen beginnt hier F\u00fcllen Sie das Antragsformular aus, geben Sie Ihre W\u00fcnsche an und Sie erhalten innerhalb von 24 Stunden eine Antwort\" \/>\n<meta name=\"robots\" content=\"index, follow, max-snippet:-1, max-image-preview:large, max-video-preview:-1\" \/>\n<link rel=\"canonical\" href=\"https:\/\/www.le16.nl\/de\/segeltrip-anfragen-segeltorn\/\" \/>\n<meta property=\"og:locale\" content=\"de_DE\" \/>\n<meta property=\"og:type\" content=\"article\" \/>\n<meta property=\"og:title\" content=\"Segeltrip Anfragen - Lemsteraak LE16 met de lemsteraak LE16\" \/>\n<meta property=\"og:description\" content=\"Hier k\u00f6nnen Sie Ihren Segelt\u00f6rn anfragen. Segeln ohne Sorgen beginnt hier F\u00fcllen Sie das Antragsformular aus, geben Sie Ihre W\u00fcnsche an und Sie erhalten innerhalb von 24 Stunden eine Antwort\" \/>\n<meta property=\"og:url\" content=\"https:\/\/www.le16.nl\/de\/segeltrip-anfragen-segeltorn\/\" \/>\n<meta property=\"og:site_name\" content=\"Lemsteraak LE16\" \/>\n<meta property=\"article:publisher\" content=\"http:\/\/www.facebook.com\/lemsteraakLE16\" \/>\n<meta property=\"article:modified_time\" content=\"2020-01-11T14:54:57+00:00\" \/>\n<meta property=\"og:image\" content=\"https:\/\/www.le16.nl\/wp-content\/uploads\/2019\/02\/LE16_Heeghsicht-3.jpg\" \/>\n\t<meta property=\"og:image:width\" content=\"1798\" \/>\n\t<meta property=\"og:image:height\" content=\"1201\" \/>\n\t<meta property=\"og:image:type\" content=\"image\/jpeg\" \/>\n<meta name=\"twitter:card\" content=\"summary_large_image\" \/>\n<script type=\"application\/ld+json\" class=\"yoast-schema-graph\">{\"@context\":\"https:\\\/\\\/schema.org\",\"@graph\":[{\"@type\":\"WebPage\",\"@id\":\"https:\\\/\\\/www.le16.nl\\\/de\\\/segeltrip-anfragen-segeltorn\\\/\",\"url\":\"https:\\\/\\\/www.le16.nl\\\/de\\\/segeltrip-anfragen-segeltorn\\\/\",\"name\":\"Segeltrip Anfragen - Lemsteraak LE16 met de lemsteraak LE16\",\"isPartOf\":{\"@id\":\"https:\\\/\\\/www.le16.nl\\\/#website\"},\"primaryImageOfPage\":{\"@id\":\"https:\\\/\\\/www.le16.nl\\\/de\\\/segeltrip-anfragen-segeltorn\\\/#primaryimage\"},\"image\":{\"@id\":\"https:\\\/\\\/www.le16.nl\\\/de\\\/segeltrip-anfragen-segeltorn\\\/#primaryimage\"},\"thumbnailUrl\":\"https:\\\/\\\/www.le16.nl\\\/wp-content\\\/uploads\\\/2019\\\/02\\\/LE16_Heeghsicht-3.jpg\",\"datePublished\":\"2019-03-05T19:26:04+00:00\",\"dateModified\":\"2020-01-11T14:54:57+00:00\",\"description\":\"Hier k\u00f6nnen Sie Ihren Segelt\u00f6rn anfragen. Segeln ohne Sorgen beginnt hier F\u00fcllen Sie das Antragsformular aus, geben Sie Ihre W\u00fcnsche an und Sie erhalten innerhalb von 24 Stunden eine Antwort\",\"breadcrumb\":{\"@id\":\"https:\\\/\\\/www.le16.nl\\\/de\\\/segeltrip-anfragen-segeltorn\\\/#breadcrumb\"},\"inLanguage\":\"de\",\"potentialAction\":[{\"@type\":\"ReadAction\",\"target\":[\"https:\\\/\\\/www.le16.nl\\\/de\\\/segeltrip-anfragen-segeltorn\\\/\"]}]},{\"@type\":\"ImageObject\",\"inLanguage\":\"de\",\"@id\":\"https:\\\/\\\/www.le16.nl\\\/de\\\/segeltrip-anfragen-segeltorn\\\/#primaryimage\",\"url\":\"https:\\\/\\\/www.le16.nl\\\/wp-content\\\/uploads\\\/2019\\\/02\\\/LE16_Heeghsicht-3.jpg\",\"contentUrl\":\"https:\\\/\\\/www.le16.nl\\\/wp-content\\\/uploads\\\/2019\\\/02\\\/LE16_Heeghsicht-3.jpg\",\"width\":1798,\"height\":1201},{\"@type\":\"BreadcrumbList\",\"@id\":\"https:\\\/\\\/www.le16.nl\\\/de\\\/segeltrip-anfragen-segeltorn\\\/#breadcrumb\",\"itemListElement\":[{\"@type\":\"ListItem\",\"position\":1,\"name\":\"Home\",\"item\":\"https:\\\/\\\/www.le16.nl\\\/de\\\/\"},{\"@type\":\"ListItem\",\"position\":2,\"name\":\"Segeltrip Anfragen\"}]},{\"@type\":\"WebSite\",\"@id\":\"https:\\\/\\\/www.le16.nl\\\/#website\",\"url\":\"https:\\\/\\\/www.le16.nl\\\/\",\"name\":\"Lemsteraak LE16\",\"description\":\"Zeilen Zonder Zorgen\",\"potentialAction\":[{\"@type\":\"SearchAction\",\"target\":{\"@type\":\"EntryPoint\",\"urlTemplate\":\"https:\\\/\\\/www.le16.nl\\\/?s={search_term_string}\"},\"query-input\":{\"@type\":\"PropertyValueSpecification\",\"valueRequired\":true,\"valueName\":\"search_term_string\"}}],\"inLanguage\":\"de\"}]}<\/script>\n<!-- \/ Yoast SEO plugin. -->","yoast_head_json":{"title":"Segeltrip Anfragen - Lemsteraak LE16 met de lemsteraak LE16","description":"Hier k\u00f6nnen Sie Ihren Segelt\u00f6rn anfragen. Segeln ohne Sorgen beginnt hier F\u00fcllen Sie das Antragsformular aus, geben Sie Ihre W\u00fcnsche an und Sie erhalten innerhalb von 24 Stunden eine Antwort","robots":{"index":"index","follow":"follow","max-snippet":"max-snippet:-1","max-image-preview":"max-image-preview:large","max-video-preview":"max-video-preview:-1"},"canonical":"https:\/\/www.le16.nl\/de\/segeltrip-anfragen-segeltorn\/","og_locale":"de_DE","og_type":"article","og_title":"Segeltrip Anfragen - Lemsteraak LE16 met de lemsteraak LE16","og_description":"Hier k\u00f6nnen Sie Ihren Segelt\u00f6rn anfragen. Segeln ohne Sorgen beginnt hier F\u00fcllen Sie das Antragsformular aus, geben Sie Ihre W\u00fcnsche an und Sie erhalten innerhalb von 24 Stunden eine Antwort","og_url":"https:\/\/www.le16.nl\/de\/segeltrip-anfragen-segeltorn\/","og_site_name":"Lemsteraak LE16","article_publisher":"http:\/\/www.facebook.com\/lemsteraakLE16","article_modified_time":"2020-01-11T14:54:57+00:00","og_image":[{"width":1798,"height":1201,"url":"https:\/\/www.le16.nl\/wp-content\/uploads\/2019\/02\/LE16_Heeghsicht-3.jpg","type":"image\/jpeg"}],"twitter_card":"summary_large_image","schema":{"@context":"https:\/\/schema.org","@graph":[{"@type":"WebPage","@id":"https:\/\/www.le16.nl\/de\/segeltrip-anfragen-segeltorn\/","url":"https:\/\/www.le16.nl\/de\/segeltrip-anfragen-segeltorn\/","name":"Segeltrip Anfragen - Lemsteraak LE16 met de lemsteraak LE16","isPartOf":{"@id":"https:\/\/www.le16.nl\/#website"},"primaryImageOfPage":{"@id":"https:\/\/www.le16.nl\/de\/segeltrip-anfragen-segeltorn\/#primaryimage"},"image":{"@id":"https:\/\/www.le16.nl\/de\/segeltrip-anfragen-segeltorn\/#primaryimage"},"thumbnailUrl":"https:\/\/www.le16.nl\/wp-content\/uploads\/2019\/02\/LE16_Heeghsicht-3.jpg","datePublished":"2019-03-05T19:26:04+00:00","dateModified":"2020-01-11T14:54:57+00:00","description":"Hier k\u00f6nnen Sie Ihren Segelt\u00f6rn anfragen. Segeln ohne Sorgen beginnt hier F\u00fcllen Sie das Antragsformular aus, geben Sie Ihre W\u00fcnsche an und Sie erhalten innerhalb von 24 Stunden eine Antwort","breadcrumb":{"@id":"https:\/\/www.le16.nl\/de\/segeltrip-anfragen-segeltorn\/#breadcrumb"},"inLanguage":"de","potentialAction":[{"@type":"ReadAction","target":["https:\/\/www.le16.nl\/de\/segeltrip-anfragen-segeltorn\/"]}]},{"@type":"ImageObject","inLanguage":"de","@id":"https:\/\/www.le16.nl\/de\/segeltrip-anfragen-segeltorn\/#primaryimage","url":"https:\/\/www.le16.nl\/wp-content\/uploads\/2019\/02\/LE16_Heeghsicht-3.jpg","contentUrl":"https:\/\/www.le16.nl\/wp-content\/uploads\/2019\/02\/LE16_Heeghsicht-3.jpg","width":1798,"height":1201},{"@type":"BreadcrumbList","@id":"https:\/\/www.le16.nl\/de\/segeltrip-anfragen-segeltorn\/#breadcrumb","itemListElement":[{"@type":"ListItem","position":1,"name":"Home","item":"https:\/\/www.le16.nl\/de\/"},{"@type":"ListItem","position":2,"name":"Segeltrip Anfragen"}]},{"@type":"WebSite","@id":"https:\/\/www.le16.nl\/#website","url":"https:\/\/www.le16.nl\/","name":"Lemsteraak LE16","description":"Zeilen Zonder Zorgen","potentialAction":[{"@type":"SearchAction","target":{"@type":"EntryPoint","urlTemplate":"https:\/\/www.le16.nl\/?s={search_term_string}"},"query-input":{"@type":"PropertyValueSpecification","valueRequired":true,"valueName":"search_term_string"}}],"inLanguage":"de"}]}},"_links":{"self":[{"href":"https:\/\/www.le16.nl\/de\/wp-json\/wp\/v2\/pages\/9817","targetHints":{"allow":["GET"]}}],"collection":[{"href":"https:\/\/www.le16.nl\/de\/wp-json\/wp\/v2\/pages"}],"about":[{"href":"https:\/\/www.le16.nl\/de\/wp-json\/wp\/v2\/types\/page"}],"author":[{"embeddable":true,"href":"https:\/\/www.le16.nl\/de\/wp-json\/wp\/v2\/users\/1"}],"replies":[{"embeddable":true,"href":"https:\/\/www.le16.nl\/de\/wp-json\/wp\/v2\/comments?post=9817"}],"version-history":[{"count":4,"href":"https:\/\/www.le16.nl\/de\/wp-json\/wp\/v2\/pages\/9817\/revisions"}],"predecessor-version":[{"id":9855,"href":"https:\/\/www.le16.nl\/de\/wp-json\/wp\/v2\/pages\/9817\/revisions\/9855"}],"wp:featuredmedia":[{"embeddable":true,"href":"https:\/\/www.le16.nl\/de\/wp-json\/wp\/v2\/media\/8960"}],"wp:attachment":[{"href":"https:\/\/www.le16.nl\/de\/wp-json\/wp\/v2\/media?parent=9817"}],"curies":[{"name":"wp","href":"https:\/\/api.w.org\/{rel}","templated":true}]}}