{"id":9462,"date":"2019-11-09T15:03:46","date_gmt":"2019-11-09T15:03:46","guid":{"rendered":"https:\/\/www.le16.nl\/die-besten-tagesausfluege\/"},"modified":"2019-11-09T15:06:23","modified_gmt":"2019-11-09T15:06:23","slug":"die-besten-tagesausfluege","status":"publish","type":"page","link":"https:\/\/www.le16.nl\/de\/die-besten-tagesausfluege\/","title":{"rendered":"Die besten Tagesausfl\u00fcge"},"content":{"rendered":"","protected":false},"excerpt":{"rendered":"","protected":false},"author":1,"featured_media":0,"parent":0,"menu_order":0,"comment_status":"closed","ping_status":"closed","template":"","meta":{"_joinchat":[],"footnotes":""},"class_list":["post-9462","page","type-page","status-publish","hentry"],"yoast_head":"<!-- This site is optimized with the Yoast SEO plugin v27.4 - https:\/\/yoast.com\/product\/yoast-seo-wordpress\/ -->\n<title>Die besten Tagesausfl\u00fcge - aus Muiden oder IJsselmeer, Markermeer, Friesland<\/title>\n<meta name=\"description\" content=\"Gro\u00dfartige Segelt\u00f6rns - Tagesausfl\u00fcge mit der LE16 von Muiden, Volendam, Amsterdam oder einem anderen Hafen am IJsselmeer, Friesland, Markermeer\" \/>\n<meta name=\"robots\" content=\"index, follow, max-snippet:-1, max-image-preview:large, max-video-preview:-1\" \/>\n<link rel=\"canonical\" href=\"https:\/\/www.le16.nl\/de\/die-besten-tagesausfluege\/\" \/>\n<meta property=\"og:locale\" content=\"de_DE\" \/>\n<meta property=\"og:type\" content=\"article\" \/>\n<meta property=\"og:title\" content=\"Die besten Tagesausfl\u00fcge - aus Muiden oder IJsselmeer, Markermeer, Friesland\" \/>\n<meta property=\"og:description\" content=\"Gro\u00dfartige Segelt\u00f6rns - Tagesausfl\u00fcge mit der LE16 von Muiden, Volendam, Amsterdam oder einem anderen Hafen am IJsselmeer, Friesland, Markermeer\" \/>\n<meta property=\"og:url\" content=\"https:\/\/www.le16.nl\/de\/die-besten-tagesausfluege\/\" \/>\n<meta property=\"og:site_name\" content=\"Lemsteraak LE16\" \/>\n<meta property=\"article:publisher\" content=\"http:\/\/www.facebook.com\/lemsteraakLE16\" \/>\n<meta property=\"article:modified_time\" content=\"2019-11-09T15:06:23+00:00\" \/>\n<meta name=\"twitter:card\" content=\"summary_large_image\" \/>\n<script type=\"application\/ld+json\" class=\"yoast-schema-graph\">{\"@context\":\"https:\\\/\\\/schema.org\",\"@graph\":[{\"@type\":\"WebPage\",\"@id\":\"https:\\\/\\\/www.le16.nl\\\/de\\\/die-besten-tagesausfluege\\\/\",\"url\":\"https:\\\/\\\/www.le16.nl\\\/de\\\/die-besten-tagesausfluege\\\/\",\"name\":\"Die besten Tagesausfl\u00fcge - aus Muiden oder IJsselmeer, Markermeer, Friesland\",\"isPartOf\":{\"@id\":\"https:\\\/\\\/www.le16.nl\\\/#website\"},\"datePublished\":\"2019-11-09T15:03:46+00:00\",\"dateModified\":\"2019-11-09T15:06:23+00:00\",\"description\":\"Gro\u00dfartige Segelt\u00f6rns - Tagesausfl\u00fcge mit der LE16 von Muiden, Volendam, Amsterdam oder einem anderen Hafen am IJsselmeer, Friesland, Markermeer\",\"breadcrumb\":{\"@id\":\"https:\\\/\\\/www.le16.nl\\\/de\\\/die-besten-tagesausfluege\\\/#breadcrumb\"},\"inLanguage\":\"de\",\"potentialAction\":[{\"@type\":\"ReadAction\",\"target\":[\"https:\\\/\\\/www.le16.nl\\\/de\\\/die-besten-tagesausfluege\\\/\"]}]},{\"@type\":\"BreadcrumbList\",\"@id\":\"https:\\\/\\\/www.le16.nl\\\/de\\\/die-besten-tagesausfluege\\\/#breadcrumb\",\"itemListElement\":[{\"@type\":\"ListItem\",\"position\":1,\"name\":\"Home\",\"item\":\"https:\\\/\\\/www.le16.nl\\\/de\\\/\"},{\"@type\":\"ListItem\",\"position\":2,\"name\":\"Die besten Tagesausfl\u00fcge\"}]},{\"@type\":\"WebSite\",\"@id\":\"https:\\\/\\\/www.le16.nl\\\/#website\",\"url\":\"https:\\\/\\\/www.le16.nl\\\/\",\"name\":\"Lemsteraak LE16\",\"description\":\"Zeilen Zonder Zorgen\",\"potentialAction\":[{\"@type\":\"SearchAction\",\"target\":{\"@type\":\"EntryPoint\",\"urlTemplate\":\"https:\\\/\\\/www.le16.nl\\\/?s={search_term_string}\"},\"query-input\":{\"@type\":\"PropertyValueSpecification\",\"valueRequired\":true,\"valueName\":\"search_term_string\"}}],\"inLanguage\":\"de\"}]}<\/script>\n<!-- \/ Yoast SEO plugin. -->","yoast_head_json":{"title":"Die besten Tagesausfl\u00fcge - aus Muiden oder IJsselmeer, Markermeer, Friesland","description":"Gro\u00dfartige Segelt\u00f6rns - Tagesausfl\u00fcge mit der LE16 von Muiden, Volendam, Amsterdam oder einem anderen Hafen am IJsselmeer, Friesland, Markermeer","robots":{"index":"index","follow":"follow","max-snippet":"max-snippet:-1","max-image-preview":"max-image-preview:large","max-video-preview":"max-video-preview:-1"},"canonical":"https:\/\/www.le16.nl\/de\/die-besten-tagesausfluege\/","og_locale":"de_DE","og_type":"article","og_title":"Die besten Tagesausfl\u00fcge - aus Muiden oder IJsselmeer, Markermeer, Friesland","og_description":"Gro\u00dfartige Segelt\u00f6rns - Tagesausfl\u00fcge mit der LE16 von Muiden, Volendam, Amsterdam oder einem anderen Hafen am IJsselmeer, Friesland, Markermeer","og_url":"https:\/\/www.le16.nl\/de\/die-besten-tagesausfluege\/","og_site_name":"Lemsteraak LE16","article_publisher":"http:\/\/www.facebook.com\/lemsteraakLE16","article_modified_time":"2019-11-09T15:06:23+00:00","twitter_card":"summary_large_image","schema":{"@context":"https:\/\/schema.org","@graph":[{"@type":"WebPage","@id":"https:\/\/www.le16.nl\/de\/die-besten-tagesausfluege\/","url":"https:\/\/www.le16.nl\/de\/die-besten-tagesausfluege\/","name":"Die besten Tagesausfl\u00fcge - aus Muiden oder IJsselmeer, Markermeer, Friesland","isPartOf":{"@id":"https:\/\/www.le16.nl\/#website"},"datePublished":"2019-11-09T15:03:46+00:00","dateModified":"2019-11-09T15:06:23+00:00","description":"Gro\u00dfartige Segelt\u00f6rns - Tagesausfl\u00fcge mit der LE16 von Muiden, Volendam, Amsterdam oder einem anderen Hafen am IJsselmeer, Friesland, Markermeer","breadcrumb":{"@id":"https:\/\/www.le16.nl\/de\/die-besten-tagesausfluege\/#breadcrumb"},"inLanguage":"de","potentialAction":[{"@type":"ReadAction","target":["https:\/\/www.le16.nl\/de\/die-besten-tagesausfluege\/"]}]},{"@type":"BreadcrumbList","@id":"https:\/\/www.le16.nl\/de\/die-besten-tagesausfluege\/#breadcrumb","itemListElement":[{"@type":"ListItem","position":1,"name":"Home","item":"https:\/\/www.le16.nl\/de\/"},{"@type":"ListItem","position":2,"name":"Die besten Tagesausfl\u00fcge"}]},{"@type":"WebSite","@id":"https:\/\/www.le16.nl\/#website","url":"https:\/\/www.le16.nl\/","name":"Lemsteraak LE16","description":"Zeilen Zonder Zorgen","potentialAction":[{"@type":"SearchAction","target":{"@type":"EntryPoint","urlTemplate":"https:\/\/www.le16.nl\/?s={search_term_string}"},"query-input":{"@type":"PropertyValueSpecification","valueRequired":true,"valueName":"search_term_string"}}],"inLanguage":"de"}]}},"_links":{"self":[{"href":"https:\/\/www.le16.nl\/de\/wp-json\/wp\/v2\/pages\/9462","targetHints":{"allow":["GET"]}}],"collection":[{"href":"https:\/\/www.le16.nl\/de\/wp-json\/wp\/v2\/pages"}],"about":[{"href":"https:\/\/www.le16.nl\/de\/wp-json\/wp\/v2\/types\/page"}],"author":[{"embeddable":true,"href":"https:\/\/www.le16.nl\/de\/wp-json\/wp\/v2\/users\/1"}],"replies":[{"embeddable":true,"href":"https:\/\/www.le16.nl\/de\/wp-json\/wp\/v2\/comments?post=9462"}],"version-history":[{"count":2,"href":"https:\/\/www.le16.nl\/de\/wp-json\/wp\/v2\/pages\/9462\/revisions"}],"predecessor-version":[{"id":9466,"href":"https:\/\/www.le16.nl\/de\/wp-json\/wp\/v2\/pages\/9462\/revisions\/9466"}],"wp:attachment":[{"href":"https:\/\/www.le16.nl\/de\/wp-json\/wp\/v2\/media?parent=9462"}],"curies":[{"name":"wp","href":"https:\/\/api.w.org\/{rel}","templated":true}]}}