{"id":9451,"date":"2019-11-03T15:09:11","date_gmt":"2019-11-03T15:09:11","guid":{"rendered":"https:\/\/www.le16.nl\/finden-sie-ihren-besten-segeltorn\/"},"modified":"2020-01-04T09:47:35","modified_gmt":"2020-01-04T09:47:35","slug":"finden-sie-ihren-besten-segeltorn","status":"publish","type":"page","link":"https:\/\/www.le16.nl\/de\/finden-sie-ihren-besten-segeltorn\/","title":{"rendered":"Finden Sie Ihren besten Segelt\u00f6rn"},"content":{"rendered":"","protected":false},"excerpt":{"rendered":"","protected":false},"author":1,"featured_media":0,"parent":0,"menu_order":0,"comment_status":"closed","ping_status":"closed","template":"","meta":{"_joinchat":[],"footnotes":""},"class_list":["post-9451","page","type-page","status-publish","hentry"],"yoast_head":"<!-- This site is optimized with the Yoast SEO plugin v27.4 - https:\/\/yoast.com\/product\/yoast-seo-wordpress\/ -->\n<title>Finden Sie Ihren besten Segelt\u00f6rn - Lemsteraak LE16 Einfache Suche und Buchung<\/title>\n<meta name=\"description\" content=\"Finden Sie Ihren besten Segelt\u00f6rn in den Niederlanden. Sie segeln und segeln mit der Lemsteraak LE16. 1- oder mehrt\u00e4gige Segelt\u00f6rns. Von Muiden oder anderen H\u00e4fen\" \/>\n<meta name=\"robots\" content=\"index, follow, max-snippet:-1, max-image-preview:large, max-video-preview:-1\" \/>\n<link rel=\"canonical\" href=\"https:\/\/www.le16.nl\/de\/finden-sie-ihren-besten-segeltorn\/\" \/>\n<meta property=\"og:locale\" content=\"de_DE\" \/>\n<meta property=\"og:type\" content=\"article\" \/>\n<meta property=\"og:title\" content=\"Finden Sie Ihren besten Segelt\u00f6rn - Lemsteraak LE16 Einfache Suche und Buchung\" \/>\n<meta property=\"og:description\" content=\"Finden Sie Ihren besten Segelt\u00f6rn in den Niederlanden. Sie segeln und segeln mit der Lemsteraak LE16. 1- oder mehrt\u00e4gige Segelt\u00f6rns. Von Muiden oder anderen H\u00e4fen\" \/>\n<meta property=\"og:url\" content=\"https:\/\/www.le16.nl\/de\/finden-sie-ihren-besten-segeltorn\/\" \/>\n<meta property=\"og:site_name\" content=\"Lemsteraak LE16\" \/>\n<meta property=\"article:publisher\" content=\"http:\/\/www.facebook.com\/lemsteraakLE16\" \/>\n<meta property=\"article:modified_time\" content=\"2020-01-04T09:47:35+00:00\" \/>\n<meta name=\"twitter:card\" content=\"summary_large_image\" \/>\n<script type=\"application\/ld+json\" class=\"yoast-schema-graph\">{\"@context\":\"https:\\\/\\\/schema.org\",\"@graph\":[{\"@type\":\"WebPage\",\"@id\":\"https:\\\/\\\/www.le16.nl\\\/de\\\/finden-sie-ihren-besten-segeltorn\\\/\",\"url\":\"https:\\\/\\\/www.le16.nl\\\/de\\\/finden-sie-ihren-besten-segeltorn\\\/\",\"name\":\"Finden Sie Ihren besten Segelt\u00f6rn - Lemsteraak LE16 Einfache Suche und Buchung\",\"isPartOf\":{\"@id\":\"https:\\\/\\\/www.le16.nl\\\/#website\"},\"datePublished\":\"2019-11-03T15:09:11+00:00\",\"dateModified\":\"2020-01-04T09:47:35+00:00\",\"description\":\"Finden Sie Ihren besten Segelt\u00f6rn in den Niederlanden. Sie segeln und segeln mit der Lemsteraak LE16. 1- oder mehrt\u00e4gige Segelt\u00f6rns. Von Muiden oder anderen H\u00e4fen\",\"breadcrumb\":{\"@id\":\"https:\\\/\\\/www.le16.nl\\\/de\\\/finden-sie-ihren-besten-segeltorn\\\/#breadcrumb\"},\"inLanguage\":\"de\",\"potentialAction\":[{\"@type\":\"ReadAction\",\"target\":[\"https:\\\/\\\/www.le16.nl\\\/de\\\/finden-sie-ihren-besten-segeltorn\\\/\"]}]},{\"@type\":\"BreadcrumbList\",\"@id\":\"https:\\\/\\\/www.le16.nl\\\/de\\\/finden-sie-ihren-besten-segeltorn\\\/#breadcrumb\",\"itemListElement\":[{\"@type\":\"ListItem\",\"position\":1,\"name\":\"Home\",\"item\":\"https:\\\/\\\/www.le16.nl\\\/de\\\/\"},{\"@type\":\"ListItem\",\"position\":2,\"name\":\"Finden Sie Ihren besten Segelt\u00f6rn\"}]},{\"@type\":\"WebSite\",\"@id\":\"https:\\\/\\\/www.le16.nl\\\/#website\",\"url\":\"https:\\\/\\\/www.le16.nl\\\/\",\"name\":\"Lemsteraak LE16\",\"description\":\"Zeilen Zonder Zorgen\",\"potentialAction\":[{\"@type\":\"SearchAction\",\"target\":{\"@type\":\"EntryPoint\",\"urlTemplate\":\"https:\\\/\\\/www.le16.nl\\\/?s={search_term_string}\"},\"query-input\":{\"@type\":\"PropertyValueSpecification\",\"valueRequired\":true,\"valueName\":\"search_term_string\"}}],\"inLanguage\":\"de\"}]}<\/script>\n<!-- \/ Yoast SEO plugin. -->","yoast_head_json":{"title":"Finden Sie Ihren besten Segelt\u00f6rn - Lemsteraak LE16 Einfache Suche und Buchung","description":"Finden Sie Ihren besten Segelt\u00f6rn in den Niederlanden. Sie segeln und segeln mit der Lemsteraak LE16. 1- oder mehrt\u00e4gige Segelt\u00f6rns. Von Muiden oder anderen H\u00e4fen","robots":{"index":"index","follow":"follow","max-snippet":"max-snippet:-1","max-image-preview":"max-image-preview:large","max-video-preview":"max-video-preview:-1"},"canonical":"https:\/\/www.le16.nl\/de\/finden-sie-ihren-besten-segeltorn\/","og_locale":"de_DE","og_type":"article","og_title":"Finden Sie Ihren besten Segelt\u00f6rn - Lemsteraak LE16 Einfache Suche und Buchung","og_description":"Finden Sie Ihren besten Segelt\u00f6rn in den Niederlanden. Sie segeln und segeln mit der Lemsteraak LE16. 1- oder mehrt\u00e4gige Segelt\u00f6rns. Von Muiden oder anderen H\u00e4fen","og_url":"https:\/\/www.le16.nl\/de\/finden-sie-ihren-besten-segeltorn\/","og_site_name":"Lemsteraak LE16","article_publisher":"http:\/\/www.facebook.com\/lemsteraakLE16","article_modified_time":"2020-01-04T09:47:35+00:00","twitter_card":"summary_large_image","schema":{"@context":"https:\/\/schema.org","@graph":[{"@type":"WebPage","@id":"https:\/\/www.le16.nl\/de\/finden-sie-ihren-besten-segeltorn\/","url":"https:\/\/www.le16.nl\/de\/finden-sie-ihren-besten-segeltorn\/","name":"Finden Sie Ihren besten Segelt\u00f6rn - Lemsteraak LE16 Einfache Suche und Buchung","isPartOf":{"@id":"https:\/\/www.le16.nl\/#website"},"datePublished":"2019-11-03T15:09:11+00:00","dateModified":"2020-01-04T09:47:35+00:00","description":"Finden Sie Ihren besten Segelt\u00f6rn in den Niederlanden. Sie segeln und segeln mit der Lemsteraak LE16. 1- oder mehrt\u00e4gige Segelt\u00f6rns. Von Muiden oder anderen H\u00e4fen","breadcrumb":{"@id":"https:\/\/www.le16.nl\/de\/finden-sie-ihren-besten-segeltorn\/#breadcrumb"},"inLanguage":"de","potentialAction":[{"@type":"ReadAction","target":["https:\/\/www.le16.nl\/de\/finden-sie-ihren-besten-segeltorn\/"]}]},{"@type":"BreadcrumbList","@id":"https:\/\/www.le16.nl\/de\/finden-sie-ihren-besten-segeltorn\/#breadcrumb","itemListElement":[{"@type":"ListItem","position":1,"name":"Home","item":"https:\/\/www.le16.nl\/de\/"},{"@type":"ListItem","position":2,"name":"Finden Sie Ihren besten Segelt\u00f6rn"}]},{"@type":"WebSite","@id":"https:\/\/www.le16.nl\/#website","url":"https:\/\/www.le16.nl\/","name":"Lemsteraak LE16","description":"Zeilen Zonder Zorgen","potentialAction":[{"@type":"SearchAction","target":{"@type":"EntryPoint","urlTemplate":"https:\/\/www.le16.nl\/?s={search_term_string}"},"query-input":{"@type":"PropertyValueSpecification","valueRequired":true,"valueName":"search_term_string"}}],"inLanguage":"de"}]}},"_links":{"self":[{"href":"https:\/\/www.le16.nl\/de\/wp-json\/wp\/v2\/pages\/9451","targetHints":{"allow":["GET"]}}],"collection":[{"href":"https:\/\/www.le16.nl\/de\/wp-json\/wp\/v2\/pages"}],"about":[{"href":"https:\/\/www.le16.nl\/de\/wp-json\/wp\/v2\/types\/page"}],"author":[{"embeddable":true,"href":"https:\/\/www.le16.nl\/de\/wp-json\/wp\/v2\/users\/1"}],"replies":[{"embeddable":true,"href":"https:\/\/www.le16.nl\/de\/wp-json\/wp\/v2\/comments?post=9451"}],"version-history":[{"count":3,"href":"https:\/\/www.le16.nl\/de\/wp-json\/wp\/v2\/pages\/9451\/revisions"}],"predecessor-version":[{"id":9751,"href":"https:\/\/www.le16.nl\/de\/wp-json\/wp\/v2\/pages\/9451\/revisions\/9751"}],"wp:attachment":[{"href":"https:\/\/www.le16.nl\/de\/wp-json\/wp\/v2\/media?parent=9451"}],"curies":[{"name":"wp","href":"https:\/\/api.w.org\/{rel}","templated":true}]}}