{"id":9439,"date":"2019-11-03T14:38:22","date_gmt":"2019-11-03T14:38:22","guid":{"rendered":"https:\/\/www.le16.nl\/miete-le16\/"},"modified":"2020-01-12T12:23:24","modified_gmt":"2020-01-12T12:23:24","slug":"miete-le16","status":"publish","type":"page","link":"https:\/\/www.le16.nl\/de\/miete-le16\/","title":{"rendered":"Miete LE16"},"content":{"rendered":"","protected":false},"excerpt":{"rendered":"","protected":false},"author":1,"featured_media":0,"parent":0,"menu_order":0,"comment_status":"closed","ping_status":"closed","template":"","meta":{"_joinchat":[],"footnotes":""},"class_list":["post-9439","page","type-page","status-publish","hentry"],"yoast_head":"<!-- This site is optimized with the Yoast SEO plugin v27.4 - https:\/\/yoast.com\/product\/yoast-seo-wordpress\/ -->\n<title>Miete LE16 + Skipper auf einem sch\u00f6nen Lemsteraak Segeln ohne Sorgen<\/title>\n<meta name=\"description\" content=\"Miete LE16 inkl. Skipper f\u00fcr einen sch\u00f6nen Segelt\u00f6rn, (Mittag-) Tag, Abend oder Event. Hier k\u00f6nnen Sie rund um die Uhr online buchen. Von Muiden oder anderen H\u00e4fen\" \/>\n<meta name=\"robots\" content=\"index, follow, max-snippet:-1, max-image-preview:large, max-video-preview:-1\" \/>\n<link rel=\"canonical\" href=\"https:\/\/www.le16.nl\/de\/miete-le16\/\" \/>\n<meta property=\"og:locale\" content=\"de_DE\" \/>\n<meta property=\"og:type\" content=\"article\" \/>\n<meta property=\"og:title\" content=\"Miete LE16 + Skipper auf einem sch\u00f6nen Lemsteraak Segeln ohne Sorgen\" \/>\n<meta property=\"og:description\" content=\"Miete LE16 inkl. Skipper f\u00fcr einen sch\u00f6nen Segelt\u00f6rn, (Mittag-) Tag, Abend oder Event. Hier k\u00f6nnen Sie rund um die Uhr online buchen. Von Muiden oder anderen H\u00e4fen\" \/>\n<meta property=\"og:url\" content=\"https:\/\/www.le16.nl\/de\/miete-le16\/\" \/>\n<meta property=\"og:site_name\" content=\"Lemsteraak LE16\" \/>\n<meta property=\"article:publisher\" content=\"http:\/\/www.facebook.com\/lemsteraakLE16\" \/>\n<meta property=\"article:modified_time\" content=\"2020-01-12T12:23:24+00:00\" \/>\n<meta name=\"twitter:card\" content=\"summary_large_image\" \/>\n<script type=\"application\/ld+json\" class=\"yoast-schema-graph\">{\"@context\":\"https:\\\/\\\/schema.org\",\"@graph\":[{\"@type\":\"WebPage\",\"@id\":\"https:\\\/\\\/www.le16.nl\\\/de\\\/miete-le16\\\/\",\"url\":\"https:\\\/\\\/www.le16.nl\\\/de\\\/miete-le16\\\/\",\"name\":\"Miete LE16 + Skipper auf einem sch\u00f6nen Lemsteraak Segeln ohne Sorgen\",\"isPartOf\":{\"@id\":\"https:\\\/\\\/www.le16.nl\\\/#website\"},\"datePublished\":\"2019-11-03T14:38:22+00:00\",\"dateModified\":\"2020-01-12T12:23:24+00:00\",\"description\":\"Miete LE16 inkl. Skipper f\u00fcr einen sch\u00f6nen Segelt\u00f6rn, (Mittag-) Tag, Abend oder Event. Hier k\u00f6nnen Sie rund um die Uhr online buchen. Von Muiden oder anderen H\u00e4fen\",\"breadcrumb\":{\"@id\":\"https:\\\/\\\/www.le16.nl\\\/de\\\/miete-le16\\\/#breadcrumb\"},\"inLanguage\":\"de\",\"potentialAction\":[{\"@type\":\"ReadAction\",\"target\":[\"https:\\\/\\\/www.le16.nl\\\/de\\\/miete-le16\\\/\"]}]},{\"@type\":\"BreadcrumbList\",\"@id\":\"https:\\\/\\\/www.le16.nl\\\/de\\\/miete-le16\\\/#breadcrumb\",\"itemListElement\":[{\"@type\":\"ListItem\",\"position\":1,\"name\":\"Home\",\"item\":\"https:\\\/\\\/www.le16.nl\\\/de\\\/\"},{\"@type\":\"ListItem\",\"position\":2,\"name\":\"Miete LE16\"}]},{\"@type\":\"WebSite\",\"@id\":\"https:\\\/\\\/www.le16.nl\\\/#website\",\"url\":\"https:\\\/\\\/www.le16.nl\\\/\",\"name\":\"Lemsteraak LE16\",\"description\":\"Zeilen Zonder Zorgen\",\"potentialAction\":[{\"@type\":\"SearchAction\",\"target\":{\"@type\":\"EntryPoint\",\"urlTemplate\":\"https:\\\/\\\/www.le16.nl\\\/?s={search_term_string}\"},\"query-input\":{\"@type\":\"PropertyValueSpecification\",\"valueRequired\":true,\"valueName\":\"search_term_string\"}}],\"inLanguage\":\"de\"}]}<\/script>\n<!-- \/ Yoast SEO plugin. -->","yoast_head_json":{"title":"Miete LE16 + Skipper auf einem sch\u00f6nen Lemsteraak Segeln ohne Sorgen","description":"Miete LE16 inkl. Skipper f\u00fcr einen sch\u00f6nen Segelt\u00f6rn, (Mittag-) Tag, Abend oder Event. Hier k\u00f6nnen Sie rund um die Uhr online buchen. Von Muiden oder anderen H\u00e4fen","robots":{"index":"index","follow":"follow","max-snippet":"max-snippet:-1","max-image-preview":"max-image-preview:large","max-video-preview":"max-video-preview:-1"},"canonical":"https:\/\/www.le16.nl\/de\/miete-le16\/","og_locale":"de_DE","og_type":"article","og_title":"Miete LE16 + Skipper auf einem sch\u00f6nen Lemsteraak Segeln ohne Sorgen","og_description":"Miete LE16 inkl. Skipper f\u00fcr einen sch\u00f6nen Segelt\u00f6rn, (Mittag-) Tag, Abend oder Event. Hier k\u00f6nnen Sie rund um die Uhr online buchen. Von Muiden oder anderen H\u00e4fen","og_url":"https:\/\/www.le16.nl\/de\/miete-le16\/","og_site_name":"Lemsteraak LE16","article_publisher":"http:\/\/www.facebook.com\/lemsteraakLE16","article_modified_time":"2020-01-12T12:23:24+00:00","twitter_card":"summary_large_image","schema":{"@context":"https:\/\/schema.org","@graph":[{"@type":"WebPage","@id":"https:\/\/www.le16.nl\/de\/miete-le16\/","url":"https:\/\/www.le16.nl\/de\/miete-le16\/","name":"Miete LE16 + Skipper auf einem sch\u00f6nen Lemsteraak Segeln ohne Sorgen","isPartOf":{"@id":"https:\/\/www.le16.nl\/#website"},"datePublished":"2019-11-03T14:38:22+00:00","dateModified":"2020-01-12T12:23:24+00:00","description":"Miete LE16 inkl. Skipper f\u00fcr einen sch\u00f6nen Segelt\u00f6rn, (Mittag-) Tag, Abend oder Event. Hier k\u00f6nnen Sie rund um die Uhr online buchen. Von Muiden oder anderen H\u00e4fen","breadcrumb":{"@id":"https:\/\/www.le16.nl\/de\/miete-le16\/#breadcrumb"},"inLanguage":"de","potentialAction":[{"@type":"ReadAction","target":["https:\/\/www.le16.nl\/de\/miete-le16\/"]}]},{"@type":"BreadcrumbList","@id":"https:\/\/www.le16.nl\/de\/miete-le16\/#breadcrumb","itemListElement":[{"@type":"ListItem","position":1,"name":"Home","item":"https:\/\/www.le16.nl\/de\/"},{"@type":"ListItem","position":2,"name":"Miete LE16"}]},{"@type":"WebSite","@id":"https:\/\/www.le16.nl\/#website","url":"https:\/\/www.le16.nl\/","name":"Lemsteraak LE16","description":"Zeilen Zonder Zorgen","potentialAction":[{"@type":"SearchAction","target":{"@type":"EntryPoint","urlTemplate":"https:\/\/www.le16.nl\/?s={search_term_string}"},"query-input":{"@type":"PropertyValueSpecification","valueRequired":true,"valueName":"search_term_string"}}],"inLanguage":"de"}]}},"_links":{"self":[{"href":"https:\/\/www.le16.nl\/de\/wp-json\/wp\/v2\/pages\/9439","targetHints":{"allow":["GET"]}}],"collection":[{"href":"https:\/\/www.le16.nl\/de\/wp-json\/wp\/v2\/pages"}],"about":[{"href":"https:\/\/www.le16.nl\/de\/wp-json\/wp\/v2\/types\/page"}],"author":[{"embeddable":true,"href":"https:\/\/www.le16.nl\/de\/wp-json\/wp\/v2\/users\/1"}],"replies":[{"embeddable":true,"href":"https:\/\/www.le16.nl\/de\/wp-json\/wp\/v2\/comments?post=9439"}],"version-history":[{"count":3,"href":"https:\/\/www.le16.nl\/de\/wp-json\/wp\/v2\/pages\/9439\/revisions"}],"predecessor-version":[{"id":9867,"href":"https:\/\/www.le16.nl\/de\/wp-json\/wp\/v2\/pages\/9439\/revisions\/9867"}],"wp:attachment":[{"href":"https:\/\/www.le16.nl\/de\/wp-json\/wp\/v2\/media?parent=9439"}],"curies":[{"name":"wp","href":"https:\/\/api.w.org\/{rel}","templated":true}]}}