{"id":8176,"date":"2019-10-18T19:24:10","date_gmt":"2019-10-18T19:24:10","guid":{"rendered":"https:\/\/www.le16.nl\/?page_id=8176"},"modified":"2020-01-04T09:03:15","modified_gmt":"2020-01-04T09:03:15","slug":"zeilen-zonder-zorgen","status":"publish","type":"page","link":"https:\/\/www.le16.nl\/de\/zeilen-zonder-zorgen\/","title":{"rendered":"Segeln ohne Sorgen"},"content":{"rendered":"","protected":false},"excerpt":{"rendered":"","protected":false},"author":1,"featured_media":8180,"parent":0,"menu_order":0,"comment_status":"closed","ping_status":"closed","template":"","meta":{"_joinchat":[],"footnotes":""},"class_list":["post-8176","page","type-page","status-publish","has-post-thumbnail","hentry"],"yoast_head":"<!-- This site is optimized with the Yoast SEO plugin v27.1.1 - https:\/\/yoast.com\/product\/yoast-seo-wordpress\/ -->\n<title>Segeln ohne Sorgen - Lemsteraak LE16 mit dem Lemsteraak LE16<\/title>\n<meta name=\"description\" content=\"Segeln Sie ohne Sorgen mit dem Lemsteraak LE16. Mini-Kreuzfahrten, Tagesausfl\u00fcge, Schiffsvermietung, Segeln, Hardsailing, St\u00e4dtereisen und mehr Spa\u00df-Segelreisen\" \/>\n<meta name=\"robots\" content=\"index, follow, max-snippet:-1, max-image-preview:large, max-video-preview:-1\" \/>\n<link rel=\"canonical\" href=\"https:\/\/www.le16.nl\/de\/zeilen-zonder-zorgen\/\" \/>\n<meta property=\"og:locale\" content=\"de_DE\" \/>\n<meta property=\"og:type\" content=\"article\" \/>\n<meta property=\"og:title\" content=\"Segeln ohne Sorgen - Lemsteraak LE16 mit dem Lemsteraak LE16\" \/>\n<meta property=\"og:description\" content=\"Segeln Sie ohne Sorgen mit dem Lemsteraak LE16. Mini-Kreuzfahrten, Tagesausfl\u00fcge, Schiffsvermietung, Segeln, Hardsailing, St\u00e4dtereisen und mehr Spa\u00df-Segelreisen\" \/>\n<meta property=\"og:url\" content=\"https:\/\/www.le16.nl\/de\/zeilen-zonder-zorgen\/\" \/>\n<meta property=\"og:site_name\" content=\"Lemsteraak LE16\" \/>\n<meta property=\"article:publisher\" content=\"http:\/\/www.facebook.com\/lemsteraakLE16\" \/>\n<meta property=\"article:modified_time\" content=\"2020-01-04T09:03:15+00:00\" \/>\n<meta property=\"og:image\" content=\"https:\/\/www.le16.nl\/wp-content\/uploads\/2019\/03\/Onder-fok.jpg\" \/>\n\t<meta property=\"og:image:width\" content=\"1840\" \/>\n\t<meta property=\"og:image:height\" content=\"1232\" \/>\n\t<meta property=\"og:image:type\" content=\"image\/jpeg\" \/>\n<meta name=\"twitter:card\" content=\"summary_large_image\" \/>\n<script type=\"application\/ld+json\" class=\"yoast-schema-graph\">{\"@context\":\"https:\/\/schema.org\",\"@graph\":[{\"@type\":\"WebPage\",\"@id\":\"https:\/\/www.le16.nl\/de\/zeilen-zonder-zorgen\/\",\"url\":\"https:\/\/www.le16.nl\/de\/zeilen-zonder-zorgen\/\",\"name\":\"Segeln ohne Sorgen - Lemsteraak LE16 mit dem Lemsteraak LE16\",\"isPartOf\":{\"@id\":\"https:\/\/www.le16.nl\/#website\"},\"primaryImageOfPage\":{\"@id\":\"https:\/\/www.le16.nl\/de\/zeilen-zonder-zorgen\/#primaryimage\"},\"image\":{\"@id\":\"https:\/\/www.le16.nl\/de\/zeilen-zonder-zorgen\/#primaryimage\"},\"thumbnailUrl\":\"https:\/\/www.le16.nl\/wp-content\/uploads\/2019\/03\/Onder-fok.jpg\",\"datePublished\":\"2019-10-18T19:24:10+00:00\",\"dateModified\":\"2020-01-04T09:03:15+00:00\",\"description\":\"Segeln Sie ohne Sorgen mit dem Lemsteraak LE16. Mini-Kreuzfahrten, Tagesausfl\u00fcge, Schiffsvermietung, Segeln, Hardsailing, St\u00e4dtereisen und mehr Spa\u00df-Segelreisen\",\"breadcrumb\":{\"@id\":\"https:\/\/www.le16.nl\/de\/zeilen-zonder-zorgen\/#breadcrumb\"},\"inLanguage\":\"de\",\"potentialAction\":[{\"@type\":\"ReadAction\",\"target\":[\"https:\/\/www.le16.nl\/de\/zeilen-zonder-zorgen\/\"]}]},{\"@type\":\"ImageObject\",\"inLanguage\":\"de\",\"@id\":\"https:\/\/www.le16.nl\/de\/zeilen-zonder-zorgen\/#primaryimage\",\"url\":\"https:\/\/www.le16.nl\/wp-content\/uploads\/2019\/03\/Onder-fok.jpg\",\"contentUrl\":\"https:\/\/www.le16.nl\/wp-content\/uploads\/2019\/03\/Onder-fok.jpg\",\"width\":1840,\"height\":1232},{\"@type\":\"BreadcrumbList\",\"@id\":\"https:\/\/www.le16.nl\/de\/zeilen-zonder-zorgen\/#breadcrumb\",\"itemListElement\":[{\"@type\":\"ListItem\",\"position\":1,\"name\":\"Home\",\"item\":\"https:\/\/www.le16.nl\/de\/\"},{\"@type\":\"ListItem\",\"position\":2,\"name\":\"Segeln ohne Sorgen\"}]},{\"@type\":\"WebSite\",\"@id\":\"https:\/\/www.le16.nl\/#website\",\"url\":\"https:\/\/www.le16.nl\/\",\"name\":\"Lemsteraak LE16\",\"description\":\"Zeilen Zonder Zorgen\",\"potentialAction\":[{\"@type\":\"SearchAction\",\"target\":{\"@type\":\"EntryPoint\",\"urlTemplate\":\"https:\/\/www.le16.nl\/?s={search_term_string}\"},\"query-input\":{\"@type\":\"PropertyValueSpecification\",\"valueRequired\":true,\"valueName\":\"search_term_string\"}}],\"inLanguage\":\"de\"}]}<\/script>\n<!-- \/ Yoast SEO plugin. -->","yoast_head_json":{"title":"Segeln ohne Sorgen - Lemsteraak LE16 mit dem Lemsteraak LE16","description":"Segeln Sie ohne Sorgen mit dem Lemsteraak LE16. Mini-Kreuzfahrten, Tagesausfl\u00fcge, Schiffsvermietung, Segeln, Hardsailing, St\u00e4dtereisen und mehr Spa\u00df-Segelreisen","robots":{"index":"index","follow":"follow","max-snippet":"max-snippet:-1","max-image-preview":"max-image-preview:large","max-video-preview":"max-video-preview:-1"},"canonical":"https:\/\/www.le16.nl\/de\/zeilen-zonder-zorgen\/","og_locale":"de_DE","og_type":"article","og_title":"Segeln ohne Sorgen - Lemsteraak LE16 mit dem Lemsteraak LE16","og_description":"Segeln Sie ohne Sorgen mit dem Lemsteraak LE16. Mini-Kreuzfahrten, Tagesausfl\u00fcge, Schiffsvermietung, Segeln, Hardsailing, St\u00e4dtereisen und mehr Spa\u00df-Segelreisen","og_url":"https:\/\/www.le16.nl\/de\/zeilen-zonder-zorgen\/","og_site_name":"Lemsteraak LE16","article_publisher":"http:\/\/www.facebook.com\/lemsteraakLE16","article_modified_time":"2020-01-04T09:03:15+00:00","og_image":[{"width":1840,"height":1232,"url":"https:\/\/www.le16.nl\/wp-content\/uploads\/2019\/03\/Onder-fok.jpg","type":"image\/jpeg"}],"twitter_card":"summary_large_image","schema":{"@context":"https:\/\/schema.org","@graph":[{"@type":"WebPage","@id":"https:\/\/www.le16.nl\/de\/zeilen-zonder-zorgen\/","url":"https:\/\/www.le16.nl\/de\/zeilen-zonder-zorgen\/","name":"Segeln ohne Sorgen - Lemsteraak LE16 mit dem Lemsteraak LE16","isPartOf":{"@id":"https:\/\/www.le16.nl\/#website"},"primaryImageOfPage":{"@id":"https:\/\/www.le16.nl\/de\/zeilen-zonder-zorgen\/#primaryimage"},"image":{"@id":"https:\/\/www.le16.nl\/de\/zeilen-zonder-zorgen\/#primaryimage"},"thumbnailUrl":"https:\/\/www.le16.nl\/wp-content\/uploads\/2019\/03\/Onder-fok.jpg","datePublished":"2019-10-18T19:24:10+00:00","dateModified":"2020-01-04T09:03:15+00:00","description":"Segeln Sie ohne Sorgen mit dem Lemsteraak LE16. Mini-Kreuzfahrten, Tagesausfl\u00fcge, Schiffsvermietung, Segeln, Hardsailing, St\u00e4dtereisen und mehr Spa\u00df-Segelreisen","breadcrumb":{"@id":"https:\/\/www.le16.nl\/de\/zeilen-zonder-zorgen\/#breadcrumb"},"inLanguage":"de","potentialAction":[{"@type":"ReadAction","target":["https:\/\/www.le16.nl\/de\/zeilen-zonder-zorgen\/"]}]},{"@type":"ImageObject","inLanguage":"de","@id":"https:\/\/www.le16.nl\/de\/zeilen-zonder-zorgen\/#primaryimage","url":"https:\/\/www.le16.nl\/wp-content\/uploads\/2019\/03\/Onder-fok.jpg","contentUrl":"https:\/\/www.le16.nl\/wp-content\/uploads\/2019\/03\/Onder-fok.jpg","width":1840,"height":1232},{"@type":"BreadcrumbList","@id":"https:\/\/www.le16.nl\/de\/zeilen-zonder-zorgen\/#breadcrumb","itemListElement":[{"@type":"ListItem","position":1,"name":"Home","item":"https:\/\/www.le16.nl\/de\/"},{"@type":"ListItem","position":2,"name":"Segeln ohne Sorgen"}]},{"@type":"WebSite","@id":"https:\/\/www.le16.nl\/#website","url":"https:\/\/www.le16.nl\/","name":"Lemsteraak LE16","description":"Zeilen Zonder Zorgen","potentialAction":[{"@type":"SearchAction","target":{"@type":"EntryPoint","urlTemplate":"https:\/\/www.le16.nl\/?s={search_term_string}"},"query-input":{"@type":"PropertyValueSpecification","valueRequired":true,"valueName":"search_term_string"}}],"inLanguage":"de"}]}},"_links":{"self":[{"href":"https:\/\/www.le16.nl\/de\/wp-json\/wp\/v2\/pages\/8176","targetHints":{"allow":["GET"]}}],"collection":[{"href":"https:\/\/www.le16.nl\/de\/wp-json\/wp\/v2\/pages"}],"about":[{"href":"https:\/\/www.le16.nl\/de\/wp-json\/wp\/v2\/types\/page"}],"author":[{"embeddable":true,"href":"https:\/\/www.le16.nl\/de\/wp-json\/wp\/v2\/users\/1"}],"replies":[{"embeddable":true,"href":"https:\/\/www.le16.nl\/de\/wp-json\/wp\/v2\/comments?post=8176"}],"version-history":[{"count":5,"href":"https:\/\/www.le16.nl\/de\/wp-json\/wp\/v2\/pages\/8176\/revisions"}],"predecessor-version":[{"id":9750,"href":"https:\/\/www.le16.nl\/de\/wp-json\/wp\/v2\/pages\/8176\/revisions\/9750"}],"wp:featuredmedia":[{"embeddable":true,"href":"https:\/\/www.le16.nl\/de\/wp-json\/wp\/v2\/media\/8180"}],"wp:attachment":[{"href":"https:\/\/www.le16.nl\/de\/wp-json\/wp\/v2\/media?parent=8176"}],"curies":[{"name":"wp","href":"https:\/\/api.w.org\/{rel}","templated":true}]}}